{"id":23811,"date":"2025-03-25T14:11:06","date_gmt":"2025-03-25T13:11:06","guid":{"rendered":"https:\/\/www.itsturismo.it\/?page_id=23811"},"modified":"2025-08-31T21:03:20","modified_gmt":"2025-08-31T19:03:20","slug":"informativa-sulla-privacy","status":"publish","type":"page","link":"https:\/\/www.itsturismo.it\/en\/informativa-sulla-privacy\/","title":{"rendered":"Informativa sulla privacy"},"content":{"rendered":"<p style=\"text-align: center;\"><strong>INFORMAZIONI SUL TRATTAMENTO DEI DATI PERSONALI<\/strong><\/p>\n<p style=\"text-align: center;\"><strong>ex art. 13 del Regolamento (UE) 679\/2016 ( GDPR)<\/strong><\/p>\n<p>&nbsp;<\/p>\n<p><strong>Titolare del trattamento<\/strong><\/p>\n<p>FONDAZIONE ITS ACADEMY TURISMO VENETO<\/p>\n<p>con sede legale in Via Vincenzo Monti, 29 &#8211; 30016 JESOLO (VE)<\/p>\n<p>Codice fiscale: 93037690273 \u2013 Partita Iva: 04077780270<\/p>\n<p>fondazione@itsturismo.it \u2013 <a href=\"mailto:itsturismo@pec.it\">itsturismo@pec.it<\/a><\/p>\n<p><strong>\u00a0<\/strong><\/p>\n<p><strong>Tipi di dati trattati e finalit\u00e0 del trattamento<\/strong><\/p>\n<p>Le operazioni di trattamento sono svolte con riferimento ai soli dati personali necessari per l\u2019utilizzo del Sito <a href=\"https:\/\/www.itsturismo.it\/\">https:\/\/www.itsturismo.it\/<\/a> e delle sue funzionalit\u00e0. I tipi di dati oggetto di trattamento comprendono, in particolare:<\/p>\n<ul>\n<li>dati di navigazione: raccolti automaticamente dalla piattaforma durante la navigazione nel sito e che riguardano l\u2019attivit\u00e0 svolta nel corso della sessione.<\/li>\n<li>dati forniti volontariamente dall\u2019utente, in particolare:\n<ul>\n<li>indirizzo e-mail e altri dati personali eventualmente contenuti nei messaggi di posta elettronica inviati agli indirizzi indicati sul Sito e\/o nei relativi allegati, al fine di svolgere le attivit\u00e0 di trattamento necessarie a fornire riscontro alle richieste dell\u2019utente;<\/li>\n<\/ul>\n<\/li>\n<li>nome e indirizzo e-mail conferiti mediante la compilazione del form di iscrizione al servizio di newsletter, al fine di inviare comunicazioni informative periodiche e novit\u00e0 sulle attivit\u00e0 di FONDAZIONE ITS ACADEMY TURISMO VENETO e per cui verr\u00e0 richiesta preventiva autorizzazione;<\/li>\n<li>nome, indirizzo e-mail ed eventuali altri dati personali conferiti mediante la compilazione dei form di contatto e richiesta di informazioni, al fine di riscontrare le richieste dell\u2019utente;<\/li>\n<\/ul>\n<p>I dati conferiti dall\u2019utente potranno essere acquisiti e memorizzati dal Titolare, anche in forma elettronica, per le finalit\u00e0 connesse alla loro raccolta tramite il Sito e non verranno utilizzati per attivit\u00e0 di profilazione o di marketing diretto.<\/p>\n<p>&nbsp;<\/p>\n<p><strong>Modalit\u00e0 del trattamento<\/strong><\/p>\n<p>Il trattamento sar\u00e0 svolto, mediante strumenti prevalentemente informatici, a mezzo di collaboratori e dipendenti a ci\u00f2 autorizzati, che operano secondo le istruzioni impartite dal Titolare, con logiche strettamente correlate alle finalit\u00e0 indicate e, comunque, in modo da garantire la sicurezza e la riservatezza dei dati trattati.<\/p>\n<p>Sono adottate specifiche misure di sicurezza al fine di ridurre al minimo i rischi di distruzione o di perdita, anche accidentale, dei dati oggetto di trattamento, di accesso non autorizzato, di trattamento non consentito o non conforme rispetto alle finalit\u00e0 indicate nella presente informativa.<\/p>\n<p>&nbsp;<\/p>\n<p><strong>Periodo di conservazione dei dati<\/strong><\/p>\n<p>I dati oggetto di trattamento saranno conservati per un periodo di tempo non superiore a quello necessario a conseguire gli scopi per i quali essi sono stati raccolti o successivamente trattati e, in particolare:<\/p>\n<ul>\n<li>i dati forniti mediante l\u2019invio di messaggi di posta elettronica o la compilazione dei\u00a0form\u00a0di contatto presenti sul sito saranno conservati per il tempo necessario a fornire riscontro;<\/li>\n<li>i dati forniti ai fini dell\u2019iscrizione al servizio di newsletter saranno trattati fino ad eventuale esercizio del diritto di opposizione\u00a0ex\u00a021 del GDPR da parte dell\u2019interessato.<\/li>\n<\/ul>\n<p>&nbsp;<\/p>\n<p>Il Titolare provveder\u00e0, dopo la decorrenza dei termini di conservazione secondo gli indicati criteri, ad adottare misure preordinate alla cancellazione o all\u2019anonimizzazione dei dati che non debbano essere conservati per specifici obblighi di normativi.<\/p>\n<p>&nbsp;<\/p>\n<p><strong>Categorie di destinatari<\/strong><\/p>\n<p>I dati personali dell\u2019interessato potranno essere comunicati a:<\/p>\n<ul>\n<li>collaboratori e dipendenti della Fondazione appositamente autorizzati, nell\u2019ambito delle rispettive competenze<\/li>\n<li>fornitori dei servizi offerti tramite il Sito o connessi al suo funzionamento, che agiscono in qualit\u00e0 di Responsabili del trattamento e di cui \u00e8 possibile richiedere un elenco aggiornato all\u2019indirizzo fondazione@itsturismo.it;<\/li>\n<\/ul>\n<p>Al di fuori dei casi sopra menzionati, i dati personali non saranno comunicati, diffusi, ceduti o comunque trasferiti a terzi per scopi illeciti o non connessi alle finalit\u00e0 della raccolta e, in ogni caso, senza rendere idonea informativa agli interessati e acquisirne il consenso, ove richiesto dalla Legge. Resta salva l\u2019eventuale comunicazione dei dati su richiesta dell\u2019Autorit\u00e0 Giudiziaria o di Pubblica Sicurezza, nei modi e nei casi previsti dalla legge.<\/p>\n<p>&nbsp;<\/p>\n<p><strong>Trasferimento di dati<\/strong><\/p>\n<p>I dati personali non saranno trasferiti all\u2019estero, verso Paesi o Organizzazioni internazionali non appartenenti all\u2019Unione Europea che non garantiscono un livello di protezione adeguato, riconosciuto, ai sensi dell\u2019art. 45 GDPR, sulla base di una decisione di adeguatezza della Commissione UE. Nel caso in cui si renda necessario per l\u2019erogazione dei servizi del Sito, il trasferimento dei dati personali verso Paesi o Organizzazioni internazionali extra UE, per cui la Commissione non abbia adottato alcuna decisione di adeguatezza ai sensi dell\u2019art. 45 GDPR, avr\u00e0 luogo solo in presenza di garanzie adeguate fornite dal Paese o dall\u2019Organizzazione destinatari, ai sensi dell\u2019art. 46 GDPR e a condizione che gli interessati dispongano di diritti azionabili e mezzi di ricorso effettivi.<\/p>\n<p>In mancanza di una decisione di adeguatezza della Commissione, ai sensi dell\u2019art. 45 GDPR, o di garanzie adeguate, ai sensi dell\u2019art. 46 GDPR, comprese le norme vincolanti d\u2019impresa, il trasferimento transfrontaliero avr\u00e0 luogo soltanto se si verifica una delle condizioni indicate all\u2019art. 49 GDPR.<\/p>\n<p>&nbsp;<\/p>\n<p><strong>Diritti dell\u2019interessato<\/strong><\/p>\n<p>La normativa vigente (artt. 15-22 del GDPR) Le garantisce il diritto di accedere in ogni momento ai dati che La riguardano, nonch\u00e9\u0301 alla loro rettifica e\/o integrazione, se inesatti o incompleti, alla loro cancellazione o alla limitazione del loro trattamento, se ne ricorrono i presupposti, all\u2019opposizione al loro trattamento per motivi legati alla Sua situazione particolare, alla portabilit\u00e0\u0300 dei dati da Lei forniti, ove trattati in modo automatizzato per le prestazioni contrattuali da Lei richieste, nei limiti di quanto previsto dal Regolamento (art. 20 del GDPR); revocare il consenso in qualsiasi momento, limitatamente alle ipotesi in cui il trattamento sia basato sul Suo consenso per una o pi\u00f9\u0300 specifiche finalit\u00e0\u0300 e riguardi dati personali comuni (ad esempio data e luogo di nascita o luogo di residenza), oppure particolari categorie di dati (ad esempio dati che rivelano la Sua origine razziale, le Sue opinioni politiche, le Sue convinzioni religiose, lo stato di salute). Il trattamento basato sul consenso ed effettuato antecedentemente alla revoca dello stesso conserva, comunque, la sua liceit\u00e0\u0300.<\/p>\n<p><strong>Esercizio dei diritti<\/strong><\/p>\n<p>I diritti di cui sopra sono esercitati con richiesta rivolta al Titolare, direttamente o per il tramite di un soggetto autorizzato, oralmente o mediante invio di messaggio di posta elettronica all\u2019indirizzo\u00a0<a href=\"mailto:fondazione@itsturismo.it\">fondazione@itsturismo.it<\/a>.<\/p>\n<p>&nbsp;<\/p>\n<p><strong>Responsabile della protezione dei dati<\/strong><\/p>\n<p>Il Titolare del Trattamento ha nominato un Responsabile della Protezione dei Dati (DPO) contattabile all\u2019indirizzo\u00a0<a href=\"mailto:dpo@fragona.it\">dpo@fragona.it<\/a>, a disposizione per ogni eventuale dubbio o chiarimento.<br \/>\nResta fermo il Suo diritto di presentare reclamo all\u2019Autorit\u00e0\u0300 italiana, il Garante Privacy, ove ritenuto necessario per la tutela dei Suoi dati personali e dei Suoi diritti in materia.\u00a0<a href=\"http:\/\/www.garanteprivacy.it\/\">www.garanteprivacy.it\u00a0<\/a><\/p>\n<p><a href=\"https:\/\/www.itsturismo.it\/informativa-privacy-per-interessati\/\"><strong>Informativa per interessati<\/strong><\/a><\/p>\n<p>&nbsp;<\/p>\n<p>&nbsp;<\/p>\n","protected":false},"excerpt":{"rendered":"<p>INFORMAZIONI SUL TRATTAMENTO DEI DATI PERSONALI ex art. 13 del  [&#8230;]<\/p>\n","protected":false},"author":21,"featured_media":0,"parent":0,"menu_order":0,"comment_status":"closed","ping_status":"closed","template":"","meta":{"_acf_changed":false,"footnotes":""},"class_list":["post-23811","page","type-page","status-publish","hentry"],"acf":[],"yoast_head":"<!-- This site is optimized with the Yoast SEO plugin v27.4 - https:\/\/yoast.com\/product\/yoast-seo-wordpress\/ -->\n<title>Informativa sulla privacy - Its Academy Turismo Veneto<\/title>\n<meta name=\"robots\" content=\"index, follow, max-snippet:-1, max-image-preview:large, max-video-preview:-1\" \/>\n<link rel=\"canonical\" href=\"https:\/\/www.itsturismo.it\/en\/informativa-sulla-privacy\/\" \/>\n<meta property=\"og:locale\" content=\"en_US\" \/>\n<meta property=\"og:type\" content=\"article\" \/>\n<meta property=\"og:title\" content=\"Informativa sulla privacy - Its Academy Turismo Veneto\" \/>\n<meta property=\"og:description\" content=\"INFORMAZIONI SUL TRATTAMENTO DEI DATI PERSONALI ex art. 13 del [...]\" \/>\n<meta property=\"og:url\" content=\"https:\/\/www.itsturismo.it\/en\/informativa-sulla-privacy\/\" \/>\n<meta property=\"og:site_name\" content=\"Its Academy Turismo Veneto\" \/>\n<meta property=\"article:publisher\" content=\"https:\/\/www.facebook.com\/ITSturismo\" \/>\n<meta property=\"article:modified_time\" content=\"2025-08-31T19:03:20+00:00\" \/>\n<meta property=\"og:image\" content=\"https:\/\/www.itsturismo.it\/wp-content\/uploads\/2023\/01\/logo-ITS-Academy-Turismo-Veneto.png\" \/>\n\t<meta property=\"og:image:width\" content=\"250\" \/>\n\t<meta property=\"og:image:height\" content=\"250\" \/>\n\t<meta property=\"og:image:type\" content=\"image\/png\" \/>\n<meta name=\"twitter:card\" content=\"summary_large_image\" \/>\n<meta name=\"twitter:label1\" content=\"Est. reading time\" \/>\n\t<meta name=\"twitter:data1\" content=\"5 minutes\" \/>\n<script type=\"application\/ld+json\" class=\"yoast-schema-graph\">{\"@context\":\"https:\\\/\\\/schema.org\",\"@graph\":[{\"@type\":\"WebPage\",\"@id\":\"https:\\\/\\\/www.itsturismo.it\\\/en\\\/informativa-sulla-privacy\\\/\",\"url\":\"https:\\\/\\\/www.itsturismo.it\\\/en\\\/informativa-sulla-privacy\\\/\",\"name\":\"Informativa sulla privacy - Its Academy Turismo Veneto\",\"isPartOf\":{\"@id\":\"https:\\\/\\\/www.itsturismo.it\\\/en\\\/#website\"},\"datePublished\":\"2025-03-25T13:11:06+00:00\",\"dateModified\":\"2025-08-31T19:03:20+00:00\",\"breadcrumb\":{\"@id\":\"https:\\\/\\\/www.itsturismo.it\\\/en\\\/informativa-sulla-privacy\\\/#breadcrumb\"},\"inLanguage\":\"en-US\",\"potentialAction\":[{\"@type\":\"ReadAction\",\"target\":[\"https:\\\/\\\/www.itsturismo.it\\\/en\\\/informativa-sulla-privacy\\\/\"]}]},{\"@type\":\"BreadcrumbList\",\"@id\":\"https:\\\/\\\/www.itsturismo.it\\\/en\\\/informativa-sulla-privacy\\\/#breadcrumb\",\"itemListElement\":[{\"@type\":\"ListItem\",\"position\":1,\"name\":\"Home\",\"item\":\"https:\\\/\\\/www.itsturismo.it\\\/en\\\/home-page\\\/\"},{\"@type\":\"ListItem\",\"position\":2,\"name\":\"Informativa sulla privacy\"}]},{\"@type\":\"WebSite\",\"@id\":\"https:\\\/\\\/www.itsturismo.it\\\/en\\\/#website\",\"url\":\"https:\\\/\\\/www.itsturismo.it\\\/en\\\/\",\"name\":\"Its Academy Turismo Veneto\",\"description\":\"\",\"potentialAction\":[{\"@type\":\"SearchAction\",\"target\":{\"@type\":\"EntryPoint\",\"urlTemplate\":\"https:\\\/\\\/www.itsturismo.it\\\/en\\\/?s={search_term_string}\"},\"query-input\":{\"@type\":\"PropertyValueSpecification\",\"valueRequired\":true,\"valueName\":\"search_term_string\"}}],\"inLanguage\":\"en-US\"}]}<\/script>\n<!-- \/ Yoast SEO plugin. -->","yoast_head_json":{"title":"Informativa sulla privacy - Its Academy Turismo Veneto","robots":{"index":"index","follow":"follow","max-snippet":"max-snippet:-1","max-image-preview":"max-image-preview:large","max-video-preview":"max-video-preview:-1"},"canonical":"https:\/\/www.itsturismo.it\/en\/informativa-sulla-privacy\/","og_locale":"en_US","og_type":"article","og_title":"Informativa sulla privacy - Its Academy Turismo Veneto","og_description":"INFORMAZIONI SUL TRATTAMENTO DEI DATI PERSONALI ex art. 13 del [...]","og_url":"https:\/\/www.itsturismo.it\/en\/informativa-sulla-privacy\/","og_site_name":"Its Academy Turismo Veneto","article_publisher":"https:\/\/www.facebook.com\/ITSturismo","article_modified_time":"2025-08-31T19:03:20+00:00","og_image":[{"width":250,"height":250,"url":"https:\/\/www.itsturismo.it\/wp-content\/uploads\/2023\/01\/logo-ITS-Academy-Turismo-Veneto.png","type":"image\/png"}],"twitter_card":"summary_large_image","twitter_misc":{"Est. reading time":"5 minutes"},"schema":{"@context":"https:\/\/schema.org","@graph":[{"@type":"WebPage","@id":"https:\/\/www.itsturismo.it\/en\/informativa-sulla-privacy\/","url":"https:\/\/www.itsturismo.it\/en\/informativa-sulla-privacy\/","name":"Informativa sulla privacy - Its Academy Turismo Veneto","isPartOf":{"@id":"https:\/\/www.itsturismo.it\/en\/#website"},"datePublished":"2025-03-25T13:11:06+00:00","dateModified":"2025-08-31T19:03:20+00:00","breadcrumb":{"@id":"https:\/\/www.itsturismo.it\/en\/informativa-sulla-privacy\/#breadcrumb"},"inLanguage":"en-US","potentialAction":[{"@type":"ReadAction","target":["https:\/\/www.itsturismo.it\/en\/informativa-sulla-privacy\/"]}]},{"@type":"BreadcrumbList","@id":"https:\/\/www.itsturismo.it\/en\/informativa-sulla-privacy\/#breadcrumb","itemListElement":[{"@type":"ListItem","position":1,"name":"Home","item":"https:\/\/www.itsturismo.it\/en\/home-page\/"},{"@type":"ListItem","position":2,"name":"Informativa sulla privacy"}]},{"@type":"WebSite","@id":"https:\/\/www.itsturismo.it\/en\/#website","url":"https:\/\/www.itsturismo.it\/en\/","name":"Its Academy Turismo Veneto","description":"","potentialAction":[{"@type":"SearchAction","target":{"@type":"EntryPoint","urlTemplate":"https:\/\/www.itsturismo.it\/en\/?s={search_term_string}"},"query-input":{"@type":"PropertyValueSpecification","valueRequired":true,"valueName":"search_term_string"}}],"inLanguage":"en-US"}]}},"_links":{"self":[{"href":"https:\/\/www.itsturismo.it\/en\/wp-json\/wp\/v2\/pages\/23811","targetHints":{"allow":["GET"]}}],"collection":[{"href":"https:\/\/www.itsturismo.it\/en\/wp-json\/wp\/v2\/pages"}],"about":[{"href":"https:\/\/www.itsturismo.it\/en\/wp-json\/wp\/v2\/types\/page"}],"author":[{"embeddable":true,"href":"https:\/\/www.itsturismo.it\/en\/wp-json\/wp\/v2\/users\/21"}],"replies":[{"embeddable":true,"href":"https:\/\/www.itsturismo.it\/en\/wp-json\/wp\/v2\/comments?post=23811"}],"version-history":[{"count":2,"href":"https:\/\/www.itsturismo.it\/en\/wp-json\/wp\/v2\/pages\/23811\/revisions"}],"predecessor-version":[{"id":24313,"href":"https:\/\/www.itsturismo.it\/en\/wp-json\/wp\/v2\/pages\/23811\/revisions\/24313"}],"wp:attachment":[{"href":"https:\/\/www.itsturismo.it\/en\/wp-json\/wp\/v2\/media?parent=23811"}],"curies":[{"name":"wp","href":"https:\/\/api.w.org\/{rel}","templated":true}]}}